{"id":256,"date":"2020-06-28T22:40:17","date_gmt":"2020-06-28T20:40:17","guid":{"rendered":"http:\/\/terre-de-vie.org\/?page_id=256"},"modified":"2025-04-22T15:35:27","modified_gmt":"2025-04-22T13:35:27","slug":"avenir-de-lenfant","status":"publish","type":"page","link":"https:\/\/terre-de-vie.org\/index.php\/les-actions\/senegal\/avenir-de-lenfant\/","title":{"rendered":"Avenir de l&rsquo;Enfant"},"content":{"rendered":"\t\t<div data-elementor-type=\"wp-page\" data-elementor-id=\"256\" class=\"elementor elementor-256\">\n\t\t\t\t\t\t<section class=\"elementor-section elementor-top-section elementor-element elementor-element-cd6afef elementor-section-boxed elementor-section-height-default elementor-section-height-default\" data-id=\"cd6afef\" data-element_type=\"section\">\n\t\t\t\t\t\t<div class=\"elementor-container elementor-column-gap-default\">\n\t\t\t\t\t<div class=\"elementor-column elementor-col-33 elementor-top-column elementor-element elementor-element-291bb59\" data-id=\"291bb59\" data-element_type=\"column\">\n\t\t\t<div class=\"elementor-widget-wrap elementor-element-populated\">\n\t\t\t\t\t\t<div class=\"elementor-element elementor-element-6486813 elementor-widget elementor-widget-text-editor\" data-id=\"6486813\" data-element_type=\"widget\" data-widget_type=\"text-editor.default\">\n\t\t\t\t<div class=\"elementor-widget-container\">\n\t\t\t\t\t\t\t\t\t<p><img fetchpriority=\"high\" decoding=\"async\" width=\"1024\" height=\"684\" class=\"wp-image-447\" src=\"https:\/\/terre-de-vie.org\/wp-content\/uploads\/2020\/10\/SEN-ADE-2-1024x684.jpg\" alt=\"\" srcset=\"https:\/\/terre-de-vie.org\/wp-content\/uploads\/2020\/10\/SEN-ADE-2-1024x684.jpg 1024w, https:\/\/terre-de-vie.org\/wp-content\/uploads\/2020\/10\/SEN-ADE-2-300x201.jpg 300w, https:\/\/terre-de-vie.org\/wp-content\/uploads\/2020\/10\/SEN-ADE-2-768x513.jpg 768w, https:\/\/terre-de-vie.org\/wp-content\/uploads\/2020\/10\/SEN-ADE-2-1536x1027.jpg 1536w, https:\/\/terre-de-vie.org\/wp-content\/uploads\/2020\/10\/SEN-ADE-2-2048x1369.jpg 2048w, https:\/\/terre-de-vie.org\/wp-content\/uploads\/2020\/10\/SEN-ADE-2-174x116.jpg 174w\" sizes=\"(max-width: 1024px) 100vw, 1024px\" \/><\/p>\t\t\t\t\t\t\t\t<\/div>\n\t\t\t\t<\/div>\n\t\t\t\t\t<\/div>\n\t\t<\/div>\n\t\t\t\t<div class=\"elementor-column elementor-col-66 elementor-top-column elementor-element elementor-element-d2f99b0\" data-id=\"d2f99b0\" data-element_type=\"column\">\n\t\t\t<div class=\"elementor-widget-wrap elementor-element-populated\">\n\t\t\t\t\t\t<div class=\"elementor-element elementor-element-13d17cf elementor-widget elementor-widget-text-editor\" data-id=\"13d17cf\" data-element_type=\"widget\" data-widget_type=\"text-editor.default\">\n\t\t\t\t<div class=\"elementor-widget-container\">\n\t\t\t\t\t\t\t\t\t<p><strong>Il y a plus de 15 ans, le responsable de TDV en mission au S\u00e9n\u00e9gal est approch\u00e9 par des enfants<\/strong> sur la plage parce qu\u2019ils pensent qu\u2019il est p\u00e9dophile. Il parle avec les enfants, leur pose des questions et ces derniers lui r\u00e9pondent\u00a0: \u00ab\u00a0<em>Ah, ils ne sont pas tous comme cela les Fran\u00e7ais<\/em>\u00a0?\u00a0\u00bb<\/p>\n<p><strong>Choqu\u00e9, surpris, il comprend qu\u2019il croise un r\u00e9seau de p\u00e9dophilie<\/strong>. Il appelle tout de suite la F\u00e9d\u00e9ration \u00ab\u00a0<em>la Voix de l\u2019Enfant<\/em>\u00a0\u00bb \u00e0 Paris, F\u00e9d\u00e9ration dont fait partie TDV. On lui r\u00e9pond de contacter Moussa Sow d\u2019ADE \u00e0 Rufisque. Il appelle et aussit\u00f4t Moussa arrive pour le rejoindre. Cet \u00e9v\u00e8nement va d\u00e9clencher une v\u00e9ritable mobilisation contre le fl\u00e9au de la p\u00e9dophilie qui existe alors au S\u00e9n\u00e9gal et qui n\u2019est pas seulement le fait des \u00e9trangers\u2026<\/p>\t\t\t\t\t\t\t\t<\/div>\n\t\t\t\t<\/div>\n\t\t\t\t\t<\/div>\n\t\t<\/div>\n\t\t\t\t\t<\/div>\n\t\t<\/section>\n\t\t\t\t<section class=\"elementor-section elementor-top-section elementor-element elementor-element-35f5df0 elementor-section-boxed elementor-section-height-default elementor-section-height-default\" data-id=\"35f5df0\" data-element_type=\"section\">\n\t\t\t\t\t\t<div class=\"elementor-container elementor-column-gap-default\">\n\t\t\t\t\t<div class=\"elementor-column elementor-col-66 elementor-top-column elementor-element elementor-element-05d23c6\" data-id=\"05d23c6\" data-element_type=\"column\">\n\t\t\t<div class=\"elementor-widget-wrap elementor-element-populated\">\n\t\t\t\t\t\t<div class=\"elementor-element elementor-element-8c773de elementor-widget elementor-widget-text-editor\" data-id=\"8c773de\" data-element_type=\"widget\" data-widget_type=\"text-editor.default\">\n\t\t\t\t<div class=\"elementor-widget-container\">\n\t\t\t\t\t\t\t\t\t<p><strong>Moussa Sow va alors sensibiliser et mobiliser largement<\/strong> les autorit\u00e9s civiles, religieuses, les familles, les instituteurs, les h\u00f4teliers, les chauffeurs de taxi, etc. pour expliquer l\u2019infamie de ces pratiques et mettre en route une vigilance citoyenne. ADE ouvre l\u2019Observatoire sur la Petite C\u00f4te \u00e0 Mbour<strong>,<\/strong> pour accueillir de jour comme de nuit tout enfant en d\u00e9tresse, toute personne voulant parler.<\/p>\n<p><strong>ADE se lance dans un soutien aux enfants aux familles pour que justice soit faite <\/strong>pour la d\u00e9nonciation des faits, la pr\u00e9paration du proc\u00e8s, l\u2019accompagnement des enfants et de leurs familles.<\/p>\n<p><em><strong>\u00ab\u00a0Avenir De l\u2019Enfant\u00a0\u00bb : la <\/strong><\/em><em><u><strong>protection de tout enfant<\/strong><\/u><\/em><\/p>\n<p><strong>Prot\u00e9ger l\u2019enfant des violences dans les \u00e9coles coraniques<\/strong> qui peuvent la pratiquer, en amenant le marabout \u00e0 accepter les soins pour les enfants, l\u2019alphab\u00e9tisation en fran\u00e7ais. <em>Aujourd\u2019hui il y a une sorte de syndicat des marabouts qui signent une charte pour le respect de l\u2019enfant<\/em>.<\/p>\n<p><strong>Prot\u00e9ger l\u2019enfant qui erre<\/strong><strong>, <\/strong>celui qui a fui la mis\u00e8re, la faim, la maltraitance d\u2019une mar\u00e2tre, d\u2019un oncle, d\u2019un marabout, les violences de la guerre et qui se retrouve dans la rue, avec la colle \u00e0 sniffer pour tout r\u00e9confort. <em>Aujourd\u2019hui une \u00e9quipe est dans la rue et quand l\u2019enfant est pr\u00eat il y a des propositions d\u2019\u00e9cole, d\u2019apprentissage et de retour en famille avec toute l\u2019importance des n\u00e9gociations avec cette derni\u00e8re.<\/em><\/p>\n<p><strong>Prot\u00e9ger l\u2019enfant c\u2019est multiplier l\u2019action<\/strong>. ADE lance des ateliers citoyens o\u00f9 la parole des enfants des rues est recueillie puis partag\u00e9e pour r\u00e9fl\u00e9chir avec les habitants, les autorit\u00e9s. <em>Aujourd\u2019hui, des formations sont mises en place pour les \u00e9ducateurs d\u2019autres mouvements, m\u00eame parfois de pays \u00e9trangers<\/em>.<\/p>\n<p><strong>Ce travail colossal et de longue dur\u00e9e est port\u00e9 par Moussa Sow<\/strong> et son \u00e9quipe&nbsp;; ce dernier peut travailler parfois jusqu\u2019\u00e0 l\u2019\u00e9puisement comme nous avons pu le constater l\u2019an pass\u00e9 \u00e0 l\u2019AG de TDV ou il \u00e9tait pr\u00e9sent.<\/p>\t\t\t\t\t\t\t\t<\/div>\n\t\t\t\t<\/div>\n\t\t\t\t\t<\/div>\n\t\t<\/div>\n\t\t\t\t<div class=\"elementor-column elementor-col-33 elementor-top-column elementor-element elementor-element-59a21fa\" data-id=\"59a21fa\" data-element_type=\"column\">\n\t\t\t<div class=\"elementor-widget-wrap elementor-element-populated\">\n\t\t\t\t\t\t<div class=\"elementor-element elementor-element-45bd41f elementor-widget elementor-widget-text-editor\" data-id=\"45bd41f\" data-element_type=\"widget\" data-widget_type=\"text-editor.default\">\n\t\t\t\t<div class=\"elementor-widget-container\">\n\t\t\t\t\t\t\t\t\t<p><img decoding=\"async\" width=\"768\" height=\"1024\" class=\"wp-image-448\" src=\"https:\/\/terre-de-vie.org\/wp-content\/uploads\/2020\/10\/SEN-ADE-1-1-768x1024.jpg\" alt=\"\" srcset=\"https:\/\/terre-de-vie.org\/wp-content\/uploads\/2020\/10\/SEN-ADE-1-1-768x1024.jpg 768w, https:\/\/terre-de-vie.org\/wp-content\/uploads\/2020\/10\/SEN-ADE-1-1-225x300.jpg 225w, https:\/\/terre-de-vie.org\/wp-content\/uploads\/2020\/10\/SEN-ADE-1-1-1152x1536.jpg 1152w, https:\/\/terre-de-vie.org\/wp-content\/uploads\/2020\/10\/SEN-ADE-1-1-1536x2048.jpg 1536w, https:\/\/terre-de-vie.org\/wp-content\/uploads\/2020\/10\/SEN-ADE-1-1-87x116.jpg 87w, https:\/\/terre-de-vie.org\/wp-content\/uploads\/2020\/10\/SEN-ADE-1-1-scaled.jpg 1920w\" sizes=\"(max-width: 768px) 100vw, 768px\" \/><\/p>\t\t\t\t\t\t\t\t<\/div>\n\t\t\t\t<\/div>\n\t\t\t\t\t<\/div>\n\t\t<\/div>\n\t\t\t\t\t<\/div>\n\t\t<\/section>\n\t\t\t\t<section class=\"elementor-section elementor-top-section elementor-element elementor-element-cd89ac6 elementor-section-boxed elementor-section-height-default elementor-section-height-default\" data-id=\"cd89ac6\" data-element_type=\"section\">\n\t\t\t\t\t\t<div class=\"elementor-container elementor-column-gap-default\">\n\t\t\t\t\t<div class=\"elementor-column elementor-col-100 elementor-top-column elementor-element elementor-element-82dfe26\" data-id=\"82dfe26\" data-element_type=\"column\">\n\t\t\t<div class=\"elementor-widget-wrap elementor-element-populated\">\n\t\t\t\t\t\t<div class=\"elementor-element elementor-element-b86a575 elementor-align-center elementor-widget elementor-widget-button\" data-id=\"b86a575\" data-element_type=\"widget\" data-widget_type=\"button.default\">\n\t\t\t\t<div class=\"elementor-widget-container\">\n\t\t\t\t\t\t\t\t\t<div class=\"elementor-button-wrapper\">\n\t\t\t\t\t<a class=\"elementor-button elementor-button-link elementor-size-sm\" href=\"https:\/\/terre-de-vie.org\/index.php\/donner\/\">\n\t\t\t\t\t\t<span class=\"elementor-button-content-wrapper\">\n\t\t\t\t\t\t\t\t\t<span class=\"elementor-button-text\">Faire un don<\/span>\n\t\t\t\t\t<\/span>\n\t\t\t\t\t<\/a>\n\t\t\t\t<\/div>\n\t\t\t\t\t\t\t\t<\/div>\n\t\t\t\t<\/div>\n\t\t\t\t\t<\/div>\n\t\t<\/div>\n\t\t\t\t\t<\/div>\n\t\t<\/section>\n\t\t\t\t<\/div>\n\t\t","protected":false},"excerpt":{"rendered":"<p>Il y a plus de 15 ans, le responsable de TDV en mission au S\u00e9n\u00e9gal est approch\u00e9 par des enfants sur la plage parce qu\u2019ils pensent qu\u2019il est p\u00e9dophile. Il parle avec les enfants, leur pose des questions et ces derniers lui r\u00e9pondent\u00a0: \u00ab\u00a0Ah, ils ne sont pas tous comme cela les Fran\u00e7ais\u00a0?\u00a0\u00bb Choqu\u00e9, surpris, [&hellip;]<\/p>\n","protected":false},"author":1,"featured_media":0,"parent":209,"menu_order":0,"comment_status":"closed","ping_status":"closed","template":"","meta":{"ocean_post_layout":"full-width","ocean_both_sidebars_style":"","ocean_both_sidebars_content_width":0,"ocean_both_sidebars_sidebars_width":0,"ocean_sidebar":"0","ocean_second_sidebar":"0","ocean_disable_margins":"enable","ocean_add_body_class":"","ocean_shortcode_before_top_bar":"","ocean_shortcode_after_top_bar":"","ocean_shortcode_before_header":"","ocean_shortcode_after_header":"","ocean_has_shortcode":"","ocean_shortcode_after_title":"","ocean_shortcode_before_footer_widgets":"","ocean_shortcode_after_footer_widgets":"","ocean_shortcode_before_footer_bottom":"","ocean_shortcode_after_footer_bottom":"","ocean_display_top_bar":"default","ocean_display_header":"default","ocean_header_style":"","ocean_center_header_left_menu":"0","ocean_custom_header_template":"0","ocean_custom_logo":0,"ocean_custom_retina_logo":0,"ocean_custom_logo_max_width":0,"ocean_custom_logo_tablet_max_width":0,"ocean_custom_logo_mobile_max_width":0,"ocean_custom_logo_max_height":0,"ocean_custom_logo_tablet_max_height":0,"ocean_custom_logo_mobile_max_height":0,"ocean_header_custom_menu":"0","ocean_menu_typo_font_family":"0","ocean_menu_typo_font_subset":"","ocean_menu_typo_font_size":0,"ocean_menu_typo_font_size_tablet":0,"ocean_menu_typo_font_size_mobile":0,"ocean_menu_typo_font_size_unit":"px","ocean_menu_typo_font_weight":"","ocean_menu_typo_font_weight_tablet":"","ocean_menu_typo_font_weight_mobile":"","ocean_menu_typo_transform":"","ocean_menu_typo_transform_tablet":"","ocean_menu_typo_transform_mobile":"","ocean_menu_typo_line_height":0,"ocean_menu_typo_line_height_tablet":0,"ocean_menu_typo_line_height_mobile":0,"ocean_menu_typo_line_height_unit":"","ocean_menu_typo_spacing":0,"ocean_menu_typo_spacing_tablet":0,"ocean_menu_typo_spacing_mobile":0,"ocean_menu_typo_spacing_unit":"","ocean_menu_link_color":"","ocean_menu_link_color_hover":"","ocean_menu_link_color_active":"","ocean_menu_link_background":"","ocean_menu_link_hover_background":"","ocean_menu_link_active_background":"","ocean_menu_social_links_bg":"","ocean_menu_social_hover_links_bg":"","ocean_menu_social_links_color":"","ocean_menu_social_hover_links_color":"","ocean_disable_title":"default","ocean_disable_heading":"default","ocean_post_title":"","ocean_post_subheading":"","ocean_post_title_style":"","ocean_post_title_background_color":"","ocean_post_title_background":0,"ocean_post_title_bg_image_position":"","ocean_post_title_bg_image_attachment":"","ocean_post_title_bg_image_repeat":"","ocean_post_title_bg_image_size":"","ocean_post_title_height":0,"ocean_post_title_bg_overlay":0.5,"ocean_post_title_bg_overlay_color":"","ocean_disable_breadcrumbs":"default","ocean_breadcrumbs_color":"","ocean_breadcrumbs_separator_color":"","ocean_breadcrumbs_links_color":"","ocean_breadcrumbs_links_hover_color":"","ocean_display_footer_widgets":"default","ocean_display_footer_bottom":"default","ocean_custom_footer_template":"0","footnotes":""},"featured_image_src":null,"_links":{"self":[{"href":"https:\/\/terre-de-vie.org\/index.php\/wp-json\/wp\/v2\/pages\/256"}],"collection":[{"href":"https:\/\/terre-de-vie.org\/index.php\/wp-json\/wp\/v2\/pages"}],"about":[{"href":"https:\/\/terre-de-vie.org\/index.php\/wp-json\/wp\/v2\/types\/page"}],"author":[{"embeddable":true,"href":"https:\/\/terre-de-vie.org\/index.php\/wp-json\/wp\/v2\/users\/1"}],"replies":[{"embeddable":true,"href":"https:\/\/terre-de-vie.org\/index.php\/wp-json\/wp\/v2\/comments?post=256"}],"version-history":[{"count":13,"href":"https:\/\/terre-de-vie.org\/index.php\/wp-json\/wp\/v2\/pages\/256\/revisions"}],"predecessor-version":[{"id":1030,"href":"https:\/\/terre-de-vie.org\/index.php\/wp-json\/wp\/v2\/pages\/256\/revisions\/1030"}],"up":[{"embeddable":true,"href":"https:\/\/terre-de-vie.org\/index.php\/wp-json\/wp\/v2\/pages\/209"}],"wp:attachment":[{"href":"https:\/\/terre-de-vie.org\/index.php\/wp-json\/wp\/v2\/media?parent=256"}],"curies":[{"name":"wp","href":"https:\/\/api.w.org\/{rel}","templated":true}]}}