{"id":231,"date":"2020-06-28T22:36:11","date_gmt":"2020-06-28T20:36:11","guid":{"rendered":"http:\/\/terre-de-vie.org\/?page_id=231"},"modified":"2022-10-12T16:55:17","modified_gmt":"2022-10-12T14:55:17","slug":"centre-feminin","status":"publish","type":"page","link":"https:\/\/terre-de-vie.org\/index.php\/les-actions\/benin\/centre-feminin\/","title":{"rendered":"Centre F\u00e9minin"},"content":{"rendered":"\n<p><\/p>\n\n\n\n<p>Le Centre F\u00e9minin situ\u00e9 \u00e0 <strong>Bohicon au BENIN<\/strong> sous la responsabilit\u00e9 de <strong>Soeur Rolande<\/strong> accueille une cinquantaine de jeunes filles en situation de vuln\u00e9rabilit\u00e9, pour une \u00e9ducation et une formation artisanale.<br>Chaque ann\u00e9e arrivent des jeunes filles souffrantes, en perte de rep\u00e8res, fuyant la maltraitance, les rejets familiaux ou simplement la faim, parfois le mariage forc\u00e9 (m\u00eame s\u2019il est interdit par la loi, peu de d\u00e9marches aboutissent).<\/p>\n\n\n\n<p>Il accueille aussi des petites filles \u00e9chapp\u00e9es des mauvais traitements, du travail forc\u00e9, de l\u2019emploi de petite bonne, d\u00e8s 6-7 ans, que la police place.<br>Depuis les r\u00e9formes sur les dipl\u00f4mes des formations artisanales, il y a en moyenne <strong>une cinquantaine de filles<\/strong> \u00e2g\u00e9es de 14 \u00e0 20 ans. Les arriv\u00e9es s\u2019\u00e9chelonnent sur toute l\u2019ann\u00e9e.<br><\/p>\n\n\n\n<p>Le Centre est un lieu de <strong>formation en couture<\/strong> et tissage pendant 3 ans. Les intervenants sont des artisans qui y travaillent avec une petite r\u00e9mun\u00e9ration. Il y a aussi des cours de formation humaine sur la sant\u00e9, l\u2019hygi\u00e8ne, la pu\u00e9riculture, la morale etc.. Beaucoup de filles ont un niveau scolaire tr\u00e8s bas en arrivant, voire inexistant.<\/p>\n\n\n\n<p><br>Cependant les r\u00e9sultats aux dipl\u00f4mes sont bons sur une vingtaine d\u2019\u00e9l\u00e8ves pr\u00e9sent\u00e9es apr\u00e8s 4 ans d\u2019apprentissage.<br>La vie est organis\u00e9e comme dans une famille : les filles par groupe prennent le quotidien en charge, <strong>cuisine, nettoyage, lessive avec les moyens du village <\/strong><\/p>\n\n\n\n<p><strong>Le Centre F\u00e9minin<\/strong> offre un secours direct et participe au travail de d\u00e9veloppement par l&rsquo;interm\u00e9diaire de l\u2019exemple. Bien form\u00e9es, les jeunes filles sauront les bases de la nutrition pour leur enfant, respecter l&rsquo;hygi\u00e8ne, aider \u00e0 subvenir aux besoins familiaux par leur travail artisanal.<\/p>\n\n\n\n<p><br>Le Centre vit avec de tr\u00e8s petits moyens avec peu de personnel d&rsquo;encadrement :<br>Soeur Rolande, la directrice, est \u00e9paul\u00e9e par une \u00e9quipe compos\u00e9e d&rsquo;un assistant juridique \u00e9galement assistant social, un psychologue, des moniteurs d&rsquo;ateliers et des enseignants pour les diff\u00e9rentes mati\u00e8res \u00e9tudi\u00e9es. Soeur Gis\u00e8le est la responsable de l&rsquo;internat. <br>Le Centre apporte aussi une <strong>aide familiale<\/strong> \u00e0 une cinquantaine d&rsquo;enfants en situation de grande pauvret\u00e9, souvent orphelins, pour qu&rsquo;ils puissent \u00eatre scolaris\u00e9s..<\/p>\n\n\n\n<p><br>Terre de Vie depuis longtemps a d\u00e9cid\u00e9 de soutenir ce travail au service des jeunes en d\u00e9tresse qui leur offre protection et une porte sur l&rsquo;avenir<br>L\u2019engagement de Terre de Vie est de<strong> 24 644\u20ac\/an<\/strong>. TDV cherche des dons et parrainages <strong>r\u00e9exp\u00e9di\u00e9s \u00e0 100%<\/strong> ; le financement des frais de fonctionnement de l\u2019association est laiss\u00e9 au libre choix de chacun. MERCI !<\/p>\n","protected":false},"excerpt":{"rendered":"<p>Le Centre F\u00e9minin situ\u00e9 \u00e0 Bohicon au BENIN sous la responsabilit\u00e9 de Soeur Rolande accueille une cinquantaine de jeunes filles en situation de vuln\u00e9rabilit\u00e9, pour une \u00e9ducation et une formation artisanale.Chaque ann\u00e9e arrivent des jeunes filles souffrantes, en perte de rep\u00e8res, fuyant la maltraitance, les rejets familiaux ou simplement la faim, parfois le mariage forc\u00e9 [&hellip;]<\/p>\n","protected":false},"author":1,"featured_media":0,"parent":201,"menu_order":0,"comment_status":"closed","ping_status":"closed","template":"","meta":{"ocean_post_layout":"full-width","ocean_both_sidebars_style":"","ocean_both_sidebars_content_width":0,"ocean_both_sidebars_sidebars_width":0,"ocean_sidebar":"0","ocean_second_sidebar":"0","ocean_disable_margins":"enable","ocean_add_body_class":"","ocean_shortcode_before_top_bar":"","ocean_shortcode_after_top_bar":"","ocean_shortcode_before_header":"","ocean_shortcode_after_header":"","ocean_has_shortcode":"","ocean_shortcode_after_title":"","ocean_shortcode_before_footer_widgets":"","ocean_shortcode_after_footer_widgets":"","ocean_shortcode_before_footer_bottom":"","ocean_shortcode_after_footer_bottom":"","ocean_display_top_bar":"default","ocean_display_header":"default","ocean_header_style":"","ocean_center_header_left_menu":"0","ocean_custom_header_template":"0","ocean_custom_logo":0,"ocean_custom_retina_logo":0,"ocean_custom_logo_max_width":0,"ocean_custom_logo_tablet_max_width":0,"ocean_custom_logo_mobile_max_width":0,"ocean_custom_logo_max_height":0,"ocean_custom_logo_tablet_max_height":0,"ocean_custom_logo_mobile_max_height":0,"ocean_header_custom_menu":"0","ocean_menu_typo_font_family":"0","ocean_menu_typo_font_subset":"","ocean_menu_typo_font_size":0,"ocean_menu_typo_font_size_tablet":0,"ocean_menu_typo_font_size_mobile":0,"ocean_menu_typo_font_size_unit":"px","ocean_menu_typo_font_weight":"","ocean_menu_typo_font_weight_tablet":"","ocean_menu_typo_font_weight_mobile":"","ocean_menu_typo_transform":"","ocean_menu_typo_transform_tablet":"","ocean_menu_typo_transform_mobile":"","ocean_menu_typo_line_height":0,"ocean_menu_typo_line_height_tablet":0,"ocean_menu_typo_line_height_mobile":0,"ocean_menu_typo_line_height_unit":"","ocean_menu_typo_spacing":0,"ocean_menu_typo_spacing_tablet":0,"ocean_menu_typo_spacing_mobile":0,"ocean_menu_typo_spacing_unit":"","ocean_menu_link_color":"","ocean_menu_link_color_hover":"","ocean_menu_link_color_active":"","ocean_menu_link_background":"","ocean_menu_link_hover_background":"","ocean_menu_link_active_background":"","ocean_menu_social_links_bg":"","ocean_menu_social_hover_links_bg":"","ocean_menu_social_links_color":"","ocean_menu_social_hover_links_color":"","ocean_disable_title":"default","ocean_disable_heading":"default","ocean_post_title":"","ocean_post_subheading":"","ocean_post_title_style":"","ocean_post_title_background_color":"","ocean_post_title_background":0,"ocean_post_title_bg_image_position":"","ocean_post_title_bg_image_attachment":"","ocean_post_title_bg_image_repeat":"","ocean_post_title_bg_image_size":"","ocean_post_title_height":0,"ocean_post_title_bg_overlay":0.5,"ocean_post_title_bg_overlay_color":"","ocean_disable_breadcrumbs":"default","ocean_breadcrumbs_color":"","ocean_breadcrumbs_separator_color":"","ocean_breadcrumbs_links_color":"","ocean_breadcrumbs_links_hover_color":"","ocean_display_footer_widgets":"default","ocean_display_footer_bottom":"default","ocean_custom_footer_template":"0","footnotes":""},"featured_image_src":null,"_links":{"self":[{"href":"https:\/\/terre-de-vie.org\/index.php\/wp-json\/wp\/v2\/pages\/231"}],"collection":[{"href":"https:\/\/terre-de-vie.org\/index.php\/wp-json\/wp\/v2\/pages"}],"about":[{"href":"https:\/\/terre-de-vie.org\/index.php\/wp-json\/wp\/v2\/types\/page"}],"author":[{"embeddable":true,"href":"https:\/\/terre-de-vie.org\/index.php\/wp-json\/wp\/v2\/users\/1"}],"replies":[{"embeddable":true,"href":"https:\/\/terre-de-vie.org\/index.php\/wp-json\/wp\/v2\/comments?post=231"}],"version-history":[{"count":9,"href":"https:\/\/terre-de-vie.org\/index.php\/wp-json\/wp\/v2\/pages\/231\/revisions"}],"predecessor-version":[{"id":780,"href":"https:\/\/terre-de-vie.org\/index.php\/wp-json\/wp\/v2\/pages\/231\/revisions\/780"}],"up":[{"embeddable":true,"href":"https:\/\/terre-de-vie.org\/index.php\/wp-json\/wp\/v2\/pages\/201"}],"wp:attachment":[{"href":"https:\/\/terre-de-vie.org\/index.php\/wp-json\/wp\/v2\/media?parent=231"}],"curies":[{"name":"wp","href":"https:\/\/api.w.org\/{rel}","templated":true}]}}