{"id":207,"date":"2020-06-28T22:33:19","date_gmt":"2020-06-28T20:33:19","guid":{"rendered":"http:\/\/terre-de-vie.org\/?page_id=207"},"modified":"2020-07-09T16:12:31","modified_gmt":"2020-07-09T14:12:31","slug":"mali","status":"publish","type":"page","link":"https:\/\/terre-de-vie.org\/index.php\/les-actions\/mali\/","title":{"rendered":"Mali"},"content":{"rendered":"\n<p><strong>Guider les enfants rencontr\u00e9s, seuls et errants, scolariser les enfants tr\u00e8s pauvres, c&rsquo;est le travail de Dounia !<\/strong><\/p>\n\n\n\n<p>Bamako est la capitale du Mali, grande ville dont l\u2019effervescence illusoire<br>attire comme un mirage tous ceux qui r\u00eavent d\u2019une vie meilleure, tels les enfants des rues.<br>Les animateurs de Dounia, association malienne, vont au devant de ces<br>jeunes, chercher leur confiance, interroger leur d\u00e9sir de s\u2019en sortir, b\u00e2tir des solutions avec eux, n\u00e9gocier le retour dans leur famille, parer au plus press\u00e9 ou les confier \u00e0 d\u2019autres, parfois mieux plac\u00e9s pour aider. Ils les remettent en lien avec la soci\u00e9t\u00e9, les aident \u00e0 y prendre place.<\/p>\n\n\n\n<p><br>Ils se sont donn\u00e9 diff\u00e9rents outils pour r\u00e9ussir la re-socialisation des<br>enfants errants, par exemple :<\/p>\n\n\n\n<ul><li>les contacts pris dans la rue, en gagnant la confiance<\/li><li>les matchs de foot et les f\u00eates qui permettent des activit\u00e9s collectives et<br>d&rsquo;observer leur comportement \u00ab\u00a0.<\/li><li>les ateliers de cuisine, pour que les filles puissent vendre leur production ; brochettes de soja, produits divers ;<\/li><li>L\u2019atelier cora, qui est un lieu de construction personnelle : <em>\u00ab jouer de la cora, c\u2019est leur redonner leur fiert\u00e9, de la dignit\u00e9, ils sont reconnus, respectables et non plus simplement des enfants d\u00e9linquants qu\u2019on m\u00e9prise. Cela leur permet de s\u2019\u00e9panouir,et de travailler pour leur autonomie. \u00bb<\/em><\/li><\/ul>\n\n\n\n<p>Les cours d\u2019alphab\u00e9tisation s\u2019adressent principalement aux filles pauvres du quartier, ne vivant pas forc\u00e9ment dans la rue mais tr\u00e8s vuln\u00e9rables. Ces cours leur permettent de pouvoir apprendre au minimum \u00e0 lire et compter. Mais c\u2019est aussi un lieu d\u2019apprentissage de la vie o\u00f9 se discutent des questions simples ou essentielles : l\u2019importance de la vie en famille, l\u2019hygi\u00e8ne de vie (corporelle, alimentaire, les vaccinations n\u00e9cessaires), le rappel de la loi sur les questions de vols, violence\u2026, les moyens de contraception, les risques de la prostitution, des avortements clandestins, de la transmission du VIH\u2026 et la lutte contre l\u2019excision.<\/p>\n\n\n\n<p><br>Terre de Vie recherche des dons et parrainages r\u00e9exp\u00e9di\u00e9s \u00e0 100%<br>le financement des frais de fonctionnement \u00e9tant laiss\u00e9 au libre choix de<br>chacun<\/p>\n","protected":false},"excerpt":{"rendered":"<p>Guider les enfants rencontr\u00e9s, seuls et errants, scolariser les enfants tr\u00e8s pauvres, c&rsquo;est le travail de Dounia ! Bamako est la capitale du Mali, grande ville dont l\u2019effervescence illusoireattire comme un mirage tous ceux qui r\u00eavent d\u2019une vie meilleure, tels les enfants des rues.Les animateurs de Dounia, association malienne, vont au devant de cesjeunes, chercher [&hellip;]<\/p>\n","protected":false},"author":1,"featured_media":0,"parent":78,"menu_order":0,"comment_status":"closed","ping_status":"closed","template":"","meta":{"ocean_post_layout":"","ocean_both_sidebars_style":"","ocean_both_sidebars_content_width":0,"ocean_both_sidebars_sidebars_width":0,"ocean_sidebar":"0","ocean_second_sidebar":"0","ocean_disable_margins":"enable","ocean_add_body_class":"","ocean_shortcode_before_top_bar":"","ocean_shortcode_after_top_bar":"","ocean_shortcode_before_header":"","ocean_shortcode_after_header":"","ocean_has_shortcode":"","ocean_shortcode_after_title":"","ocean_shortcode_before_footer_widgets":"","ocean_shortcode_after_footer_widgets":"","ocean_shortcode_before_footer_bottom":"","ocean_shortcode_after_footer_bottom":"","ocean_display_top_bar":"default","ocean_display_header":"default","ocean_header_style":"","ocean_center_header_left_menu":"0","ocean_custom_header_template":"0","ocean_custom_logo":0,"ocean_custom_retina_logo":0,"ocean_custom_logo_max_width":0,"ocean_custom_logo_tablet_max_width":0,"ocean_custom_logo_mobile_max_width":0,"ocean_custom_logo_max_height":0,"ocean_custom_logo_tablet_max_height":0,"ocean_custom_logo_mobile_max_height":0,"ocean_header_custom_menu":"0","ocean_menu_typo_font_family":"0","ocean_menu_typo_font_subset":"","ocean_menu_typo_font_size":0,"ocean_menu_typo_font_size_tablet":0,"ocean_menu_typo_font_size_mobile":0,"ocean_menu_typo_font_size_unit":"px","ocean_menu_typo_font_weight":"","ocean_menu_typo_font_weight_tablet":"","ocean_menu_typo_font_weight_mobile":"","ocean_menu_typo_transform":"","ocean_menu_typo_transform_tablet":"","ocean_menu_typo_transform_mobile":"","ocean_menu_typo_line_height":0,"ocean_menu_typo_line_height_tablet":0,"ocean_menu_typo_line_height_mobile":0,"ocean_menu_typo_line_height_unit":"","ocean_menu_typo_spacing":0,"ocean_menu_typo_spacing_tablet":0,"ocean_menu_typo_spacing_mobile":0,"ocean_menu_typo_spacing_unit":"","ocean_menu_link_color":"","ocean_menu_link_color_hover":"","ocean_menu_link_color_active":"","ocean_menu_link_background":"","ocean_menu_link_hover_background":"","ocean_menu_link_active_background":"","ocean_menu_social_links_bg":"","ocean_menu_social_hover_links_bg":"","ocean_menu_social_links_color":"","ocean_menu_social_hover_links_color":"","ocean_disable_title":"default","ocean_disable_heading":"default","ocean_post_title":"","ocean_post_subheading":"","ocean_post_title_style":"","ocean_post_title_background_color":"","ocean_post_title_background":0,"ocean_post_title_bg_image_position":"","ocean_post_title_bg_image_attachment":"","ocean_post_title_bg_image_repeat":"","ocean_post_title_bg_image_size":"","ocean_post_title_height":0,"ocean_post_title_bg_overlay":0.5,"ocean_post_title_bg_overlay_color":"","ocean_disable_breadcrumbs":"default","ocean_breadcrumbs_color":"","ocean_breadcrumbs_separator_color":"","ocean_breadcrumbs_links_color":"","ocean_breadcrumbs_links_hover_color":"","ocean_display_footer_widgets":"default","ocean_display_footer_bottom":"default","ocean_custom_footer_template":"0","footnotes":""},"featured_image_src":null,"_links":{"self":[{"href":"https:\/\/terre-de-vie.org\/index.php\/wp-json\/wp\/v2\/pages\/207"}],"collection":[{"href":"https:\/\/terre-de-vie.org\/index.php\/wp-json\/wp\/v2\/pages"}],"about":[{"href":"https:\/\/terre-de-vie.org\/index.php\/wp-json\/wp\/v2\/types\/page"}],"author":[{"embeddable":true,"href":"https:\/\/terre-de-vie.org\/index.php\/wp-json\/wp\/v2\/users\/1"}],"replies":[{"embeddable":true,"href":"https:\/\/terre-de-vie.org\/index.php\/wp-json\/wp\/v2\/comments?post=207"}],"version-history":[{"count":3,"href":"https:\/\/terre-de-vie.org\/index.php\/wp-json\/wp\/v2\/pages\/207\/revisions"}],"predecessor-version":[{"id":347,"href":"https:\/\/terre-de-vie.org\/index.php\/wp-json\/wp\/v2\/pages\/207\/revisions\/347"}],"up":[{"embeddable":true,"href":"https:\/\/terre-de-vie.org\/index.php\/wp-json\/wp\/v2\/pages\/78"}],"wp:attachment":[{"href":"https:\/\/terre-de-vie.org\/index.php\/wp-json\/wp\/v2\/media?parent=207"}],"curies":[{"name":"wp","href":"https:\/\/api.w.org\/{rel}","templated":true}]}}