{"id":198,"date":"2020-06-28T22:29:47","date_gmt":"2020-06-28T20:29:47","guid":{"rendered":"http:\/\/terre-de-vie.org\/?page_id=198"},"modified":"2021-03-22T15:47:12","modified_gmt":"2021-03-22T14:47:12","slug":"jagis","status":"publish","type":"page","link":"https:\/\/terre-de-vie.org\/index.php\/jagis\/","title":{"rendered":"J&rsquo;agis"},"content":{"rendered":"\n<p><strong><em><u><a href=\"http:\/\/www.terre-de-vie.info\/index.php?l=content\/art2\/parrain.fr.inc\">Devenez parrain d&rsquo;un projet<\/a><\/u><\/em>,&nbsp;<\/strong><\/p>\n\n\n\n<p>C&rsquo;est \u00e0 dire en versant r\u00e9guli\u00e8rement pour une action.\u00a0<\/p>\n\n\n\n<p>Le parrain re\u00e7oit alors\u00a0 1 \u00e0 2 fois par an des nouvelles pr\u00e9cises de l&rsquo;avanc\u00e9e du travail.<\/p>\n\n\n\n<p>Terre de Vie s&rsquo;engage \u00e0 reverser \u00e0 100% votre parrainage pour l&rsquo;action que vous aurez choisie.<\/p>\n\n\n\n<p><strong><u><em><a href=\"http:\/\/www.terre-de-vie.info\/index.php?l=includes\/aider.fr.inc\">Faites un don&nbsp;<\/a><\/em><\/u>&nbsp;<\/strong><\/p>\n\n\n\n<p>Choisissez le projet que vous voulez soutenir, votre don y sera revers\u00e9 \u00e0 100%.<\/p>\n\n\n\n<p>Une r\u00e9ponse personnalis\u00e9e est envoy\u00e9e au donateur, expliquant&nbsp;l&rsquo;utilisation de son don.<\/p>\n\n\n\n<p><strong><u><em><a href=\"http:\/\/www.terre-de-vie.info\/index.php?l=content\/art2\/legs.fr.inc\">Legs ou donation&nbsp;<\/a><\/em><\/u>&nbsp;<\/strong><\/p>\n\n\n\n<p>En dehors de vos dons ou parrainages, il vous est possible de contribuer au d\u00e9veloppement de notre action par un legs ou une donation. Vous pouvez en effet faire don \u00e0 Terre de Vie par acte notari\u00e9, d&rsquo;une partie de votre patrimoine. Notre association \u00e9tant reconnue \u00ab\u00a0Association de bienfaisance\u00a0\u00bb par la Pr\u00e9fecture de Loire-Atlantique, vous serez exon\u00e9r\u00e9s de droits de succession pour les sommes vers\u00e9es.<\/p>\n\n\n\n<p><strong><em><a href=\"http:\/\/www.terre-de-vie.info\/index.php?l=includes\/aider.fr.inc\">Aidez au fonctionnement de l&rsquo;association.<\/a><\/em><\/strong><\/p>\n\n\n\n<p>En versant pour le budget de fonctionnement, au libre choix de chacun, en le notifiant clairement, car dans le doute, votre don sera envoy\u00e9 \u00e0 100% sur une action.<\/p>\n\n\n\n<p>En diffusant des d\u00e9pliants, des journaux de Terre de Vie.<\/p>\n\n\n\n<p>En faisant conna\u00eetre le site de l&rsquo;Association.<\/p>\n\n\n\n<p>En organisant des manifestations : Course solidaire, marche, concours de carte, d\u00eener dansant&#8230; (une infrastructure est l\u00e0 pour vous y aider).<\/p>\n\n\n\n<p>En organisant des ventes d&rsquo;artisanat, de cartes de v\u0153ux, des expositions.<\/p>\n\n\n\n<p>En contactant Terre de Vie ( \u00e9changes, soir\u00e9es&#8230;).<\/p>\n\n\n\n<p>En nous partageant vos comp\u00e9tences.<\/p>\n\n\n\n<p>En nous partageant votre temps.<\/p>\n\n\n\n<p>Et tant de choses encore &#8230;<\/p>\n\n\n\n<p><\/p>\n","protected":false},"excerpt":{"rendered":"<p>Devenez parrain d&rsquo;un projet,&nbsp; C&rsquo;est \u00e0 dire en versant r\u00e9guli\u00e8rement pour une action.\u00a0 Le parrain re\u00e7oit alors\u00a0 1 \u00e0 2 fois par an des nouvelles pr\u00e9cises de l&rsquo;avanc\u00e9e du travail. Terre de Vie s&rsquo;engage \u00e0 reverser \u00e0 100% votre parrainage pour l&rsquo;action que vous aurez choisie. Faites un don&nbsp;&nbsp; Choisissez le projet que vous voulez [&hellip;]<\/p>\n","protected":false},"author":1,"featured_media":0,"parent":0,"menu_order":0,"comment_status":"closed","ping_status":"closed","template":"","meta":{"ocean_post_layout":"","ocean_both_sidebars_style":"","ocean_both_sidebars_content_width":0,"ocean_both_sidebars_sidebars_width":0,"ocean_sidebar":"0","ocean_second_sidebar":"0","ocean_disable_margins":"enable","ocean_add_body_class":"","ocean_shortcode_before_top_bar":"","ocean_shortcode_after_top_bar":"","ocean_shortcode_before_header":"","ocean_shortcode_after_header":"","ocean_has_shortcode":"","ocean_shortcode_after_title":"","ocean_shortcode_before_footer_widgets":"","ocean_shortcode_after_footer_widgets":"","ocean_shortcode_before_footer_bottom":"","ocean_shortcode_after_footer_bottom":"","ocean_display_top_bar":"default","ocean_display_header":"default","ocean_header_style":"","ocean_center_header_left_menu":"0","ocean_custom_header_template":"0","ocean_custom_logo":0,"ocean_custom_retina_logo":0,"ocean_custom_logo_max_width":0,"ocean_custom_logo_tablet_max_width":0,"ocean_custom_logo_mobile_max_width":0,"ocean_custom_logo_max_height":0,"ocean_custom_logo_tablet_max_height":0,"ocean_custom_logo_mobile_max_height":0,"ocean_header_custom_menu":"0","ocean_menu_typo_font_family":"0","ocean_menu_typo_font_subset":"","ocean_menu_typo_font_size":0,"ocean_menu_typo_font_size_tablet":0,"ocean_menu_typo_font_size_mobile":0,"ocean_menu_typo_font_size_unit":"px","ocean_menu_typo_font_weight":"","ocean_menu_typo_font_weight_tablet":"","ocean_menu_typo_font_weight_mobile":"","ocean_menu_typo_transform":"","ocean_menu_typo_transform_tablet":"","ocean_menu_typo_transform_mobile":"","ocean_menu_typo_line_height":0,"ocean_menu_typo_line_height_tablet":0,"ocean_menu_typo_line_height_mobile":0,"ocean_menu_typo_line_height_unit":"","ocean_menu_typo_spacing":0,"ocean_menu_typo_spacing_tablet":0,"ocean_menu_typo_spacing_mobile":0,"ocean_menu_typo_spacing_unit":"","ocean_menu_link_color":"","ocean_menu_link_color_hover":"","ocean_menu_link_color_active":"","ocean_menu_link_background":"","ocean_menu_link_hover_background":"","ocean_menu_link_active_background":"","ocean_menu_social_links_bg":"","ocean_menu_social_hover_links_bg":"","ocean_menu_social_links_color":"","ocean_menu_social_hover_links_color":"","ocean_disable_title":"default","ocean_disable_heading":"default","ocean_post_title":"","ocean_post_subheading":"","ocean_post_title_style":"","ocean_post_title_background_color":"","ocean_post_title_background":0,"ocean_post_title_bg_image_position":"","ocean_post_title_bg_image_attachment":"","ocean_post_title_bg_image_repeat":"","ocean_post_title_bg_image_size":"","ocean_post_title_height":0,"ocean_post_title_bg_overlay":0.5,"ocean_post_title_bg_overlay_color":"","ocean_disable_breadcrumbs":"default","ocean_breadcrumbs_color":"","ocean_breadcrumbs_separator_color":"","ocean_breadcrumbs_links_color":"","ocean_breadcrumbs_links_hover_color":"","ocean_display_footer_widgets":"default","ocean_display_footer_bottom":"default","ocean_custom_footer_template":"0","footnotes":""},"featured_image_src":null,"_links":{"self":[{"href":"https:\/\/terre-de-vie.org\/index.php\/wp-json\/wp\/v2\/pages\/198"}],"collection":[{"href":"https:\/\/terre-de-vie.org\/index.php\/wp-json\/wp\/v2\/pages"}],"about":[{"href":"https:\/\/terre-de-vie.org\/index.php\/wp-json\/wp\/v2\/types\/page"}],"author":[{"embeddable":true,"href":"https:\/\/terre-de-vie.org\/index.php\/wp-json\/wp\/v2\/users\/1"}],"replies":[{"embeddable":true,"href":"https:\/\/terre-de-vie.org\/index.php\/wp-json\/wp\/v2\/comments?post=198"}],"version-history":[{"count":2,"href":"https:\/\/terre-de-vie.org\/index.php\/wp-json\/wp\/v2\/pages\/198\/revisions"}],"predecessor-version":[{"id":482,"href":"https:\/\/terre-de-vie.org\/index.php\/wp-json\/wp\/v2\/pages\/198\/revisions\/482"}],"wp:attachment":[{"href":"https:\/\/terre-de-vie.org\/index.php\/wp-json\/wp\/v2\/media?parent=198"}],"curies":[{"name":"wp","href":"https:\/\/api.w.org\/{rel}","templated":true}]}}